{"id":6104,"date":"2020-11-02T21:47:59","date_gmt":"2020-11-02T21:47:59","guid":{"rendered":"https:\/\/samplingproduct.com\/?page_id=6104"},"modified":"2025-04-09T12:55:28","modified_gmt":"2025-04-09T12:55:28","slug":"history","status":"publish","type":"page","link":"https:\/\/samplingproduct.com\/fr\/history\/","title":{"rendered":"Historique"},"content":{"rendered":"<div id=\"fws_69e30cd12e93f\"  data-column-margin=\"default\" data-midnight=\"dark\"  class=\"wpb_row vc_row-fluid vc_row full-width-section standard_section\"  style=\"padding-top: 0px; padding-bottom: 0px; \"><div class=\"row-bg-wrap\" data-bg-animation=\"none\" data-bg-overlay=\"false\"><div class=\"inner-wrap\"><div class=\"row-bg using-bg-color\"  style=\"background-color: rgba(99,101,106,0.1); \"><\/div><\/div><div class=\"row-bg-overlay\" ><\/div><\/div><div class=\"row_col_wrap_12 col span_12 dark left\">\n\t<div  class=\"vc_col-sm-12 wpb_column column_container vc_column_container col no-extra-padding top_margin_phone_-20px bottom_margin_phone_-10px inherit_tablet inherit_phone\"  data-t-w-inherits=\"default\" data-bg-cover=\"\" data-padding-pos=\"all\" data-has-bg-color=\"false\" data-bg-color=\"\" data-bg-opacity=\"1\" data-hover-bg=\"\" data-hover-bg-opacity=\"1\" data-animation=\"\" data-delay=\"0\" >\n\t\t<div class=\"vc_column-inner\" ><div class=\"column-bg-overlay-wrap\" data-bg-animation=\"none\"><div class=\"column-bg-overlay\"><\/div><\/div>\n\t\t\t<div class=\"wpb_wrapper\">\n\t\t\t\t<div class=\"divider-wrap\" data-alignment=\"default\"><div style=\"height: 25px;\" class=\"divider\"><\/div><\/div><div class=\"divider-wrap\" data-alignment=\"default\"><div style=\"height: 25px;\" class=\"divider\"><\/div><\/div>\r\n<div class=\"wpb_text_column wpb_content_element\" >\r\n\t<div class=\"wpb_wrapper\">\r\n\t\t<h2 style=\"text-align: center;\">Notre historique<\/h2>\n\t<\/div>\r\n<\/div>\r\n\r\n\r\n\r\n<div class=\"divider-wrap\" data-alignment=\"center\"><div style=\"margin-top: 12.5px; width: 20%px; height: 3px; margin-bottom: 12.5px;\" data-width=\"20%\" data-animate=\"yes\" data-animation-delay=\"\" data-color=\"extra-color-3\" class=\"divider-small-border\"><\/div><\/div><div class=\"divider-wrap\" data-alignment=\"default\"><div style=\"height: 25px;\" class=\"divider\"><\/div><\/div>\n\t\t\t<\/div> \n\t\t<\/div>\n\t<\/div> \n<\/div><\/div>\n\t\t<div id=\"fws_69e30cd12ec60\"  data-column-margin=\"default\" data-midnight=\"dark\"  class=\"wpb_row vc_row-fluid vc_row full-width-content standard_section\"  style=\"padding-top: 0px; padding-bottom: 0px; \"><div class=\"row-bg-wrap\" data-bg-animation=\"zoom-out\" data-bg-overlay=\"true\"><div class=\"inner-wrap\"><div class=\"row-bg\"  style=\"\"><\/div><\/div><div class=\"row-bg-overlay\" style=\"background-color:#ffffff;  opacity: 0.8; \"><\/div><\/div><div class=\"row_col_wrap_12 col span_12 dark left\">\n\t<div  class=\"vc_col-sm-12 wpb_column column_container vc_column_container col padding-10-percent top_margin_phone_10px inherit_tablet inherit_phone\"  data-t-w-inherits=\"default\" data-bg-cover=\"\" data-padding-pos=\"left-right\" data-has-bg-color=\"false\" data-bg-color=\"\" data-bg-opacity=\"1\" data-hover-bg=\"\" data-hover-bg-opacity=\"1\" data-animation=\"\" data-delay=\"0\" >\n\t\t<div class=\"vc_column-inner\" ><div class=\"column-bg-overlay-wrap\" data-bg-animation=\"none\"><div class=\"column-bg-overlay\"><\/div><\/div>\n\t\t\t<div class=\"wpb_wrapper\">\n\t\t\t\t<div class=\"divider-wrap height_phone_0px\" data-alignment=\"default\"><div style=\"height: 25px;\" class=\"divider\"><\/div><\/div><div class=\"divider-wrap height_phone_0px\" data-alignment=\"default\"><div style=\"height: 25px;\" class=\"divider\"><\/div><\/div><div class=\"divider-wrap height_phone_0px\" data-alignment=\"default\"><div style=\"height: 25px;\" class=\"divider\"><\/div><\/div><h3 style=\"color: #104fa2;text-align: left\" class=\"vc_custom_heading wpb_animate_when_almost_visible wpb_fadeInLeft fadeInLeft\" >C'est en 1996 que Tactic a d\u00e9but\u00e9 ses op\u00e9rations. <\/h3><div class=\"divider-wrap\" data-alignment=\"default\"><div style=\"height: 25px;\" class=\"divider\"><\/div><\/div><p style=\"color: #000000;text-align: left\" class=\"vc_custom_heading wpb_animate_when_almost_visible wpb_fadeInLeft fadeInLeft\" >La petite entreprise qu\u2019elle \u00e9tait \u00e0 ses d\u00e9buts a vite pris de l\u2019envergure avec l\u2019int\u00e9gration et l\u2019acquisition de diff\u00e9rentes compagnies, le but \u00e9tant de toujours mieux servir sa client\u00e8le. Aujourd\u2019hui, Tactic a atteint une grande maturit\u00e9 et une efficacit\u00e9 de ses op\u00e9rations de haute performance. Au fil des ann\u00e9es, Tactic a su d\u00e9velopper ses propres valeurs distinctives et r\u00e9aliser des projets de grande envergure.<\/p><div class=\"divider-wrap height_phone_0px\" data-alignment=\"default\"><div style=\"height: 25px;\" class=\"divider\"><\/div><\/div><div class=\"divider-wrap\" data-alignment=\"default\"><div style=\"height: 25px;\" class=\"divider\"><\/div><\/div>\n\t\t\t<\/div> \n\t\t<\/div>\n\t<\/div> \n<\/div><\/div>\n\t\t<div id=\"fws_69e30cd12f155\"  data-column-margin=\"default\" data-midnight=\"dark\"  class=\"wpb_row vc_row-fluid vc_row full-width-section standard_section\"  style=\"padding-top: 0px; padding-bottom: 0px; \"><div class=\"row-bg-wrap\" data-bg-animation=\"none\" data-bg-overlay=\"true\"><div class=\"inner-wrap using-image\"><div class=\"row-bg using-image\"  style=\"background-image: url(https:\/\/samplingproduct.com\/wp-content\/uploads\/2020\/11\/qtq80-AmDrpL-blackwhite.jpeg); background-position: center bottom; background-repeat: no-repeat; \"><\/div><\/div><div class=\"row-bg-overlay\" style=\"background: rgba(255,255,255,0.79); background: linear-gradient(to bottom,rgba(255,255,255,0.79) 0%,#ffffff 100%);  opacity: 0.95; \"><\/div><\/div><div class=\"row_col_wrap_12 col span_12 dark left\">\n\t<div  class=\"vc_col-sm-2 vc_hidden-xs wpb_column column_container vc_column_container col padding-3-percent inherit_tablet inherit_phone\"  data-t-w-inherits=\"default\" data-bg-cover=\"\" data-padding-pos=\"all\" data-has-bg-color=\"false\" data-bg-color=\"\" data-bg-opacity=\"1\" data-hover-bg=\"\" data-hover-bg-opacity=\"1\" data-animation=\"\" data-delay=\"0\" >\n\t\t<div class=\"vc_column-inner\" ><div class=\"column-bg-overlay-wrap\" data-bg-animation=\"none\"><div class=\"column-bg-overlay\"><\/div><\/div>\n\t\t\t<div class=\"wpb_wrapper\">\n\t\t\t\t<div class=\"divider-wrap\" data-alignment=\"default\"><div style=\"height: 25px;\" class=\"divider\"><\/div><\/div>\n\t\t\t<\/div> \n\t\t<\/div>\n\t<\/div> \n\n\t<div  class=\"vc_col-sm-8 wpb_column column_container vc_column_container col padding-3-percent inherit_tablet inherit_phone\"  data-t-w-inherits=\"default\" data-bg-cover=\"\" data-padding-pos=\"all\" data-has-bg-color=\"false\" data-bg-color=\"\" data-bg-opacity=\"1\" data-hover-bg=\"\" data-hover-bg-opacity=\"1\" data-animation=\"\" data-delay=\"0\" >\n\t\t<div class=\"vc_column-inner\" ><div class=\"column-bg-overlay-wrap\" data-bg-animation=\"none\"><div class=\"column-bg-overlay\"><\/div><\/div>\n\t\t\t<div class=\"wpb_wrapper\">\n\t\t\t\t<div class=\"nectar-icon-list\" data-icon-color=\"extra-color-3\" data-icon-style=\"border\" data-columns=\"3\" data-direction=\"vertical\" data-icon-size=\"medium\" data-animate=\"true\"><div class=\"nectar-icon-list-item\"><div class=\"list-icon-holder\" data-icon_type=\"icon\"><i class=\"icon-default-style fa fa-home\" data-color=\"extra-color-3\"><\/i><\/div><div class=\"content\"><h4>1996<\/h4>Fondation de Tactic inc., Saint-Georges (Qu\u00e9bec)<\/div><\/div><div class=\"nectar-icon-list-item\"><div class=\"list-icon-holder\" data-icon_type=\"icon\"><i class=\"icon-default-style fa fa-handshake-o\" data-color=\"extra-color-3\"><\/i><\/div><div class=\"content\"><h4>1998<\/h4>Int\u00e9gration des op\u00e9rations de \u00c9chantillons Strategik inc., Montr\u00e9al (Qu\u00e9bec)<\/div><\/div><div class=\"nectar-icon-list-item\"><div class=\"list-icon-holder\" data-icon_type=\"icon\"><i class=\"icon-default-style fa fa-handshake-o\" data-color=\"extra-color-3\"><\/i><\/div><div class=\"content\"><h4>2000<\/h4>Acquisition de Publicit\u00e9 UPN, Laval (Qu\u00e9bec)<\/div><\/div><div class=\"nectar-icon-list-item\"><div class=\"list-icon-holder\" data-icon_type=\"icon\"><i class=\"icon-default-style fa fa-handshake-o\" data-color=\"extra-color-3\"><\/i><\/div><div class=\"content\"><h4>2001<\/h4>Acquisition de Plastilam, Qu\u00e9bec (Qu\u00e9bec)<\/div><\/div><div class=\"nectar-icon-list-item\"><div class=\"list-icon-holder\" data-icon_type=\"icon\"><i class=\"icon-default-style fa fa-handshake-o\" data-color=\"extra-color-3\"><\/i><\/div><div class=\"content\"><h4>2002<\/h4>Acquisition de E.W. Bredemeier, Chicago, IL<\/div><\/div><div class=\"nectar-icon-list-item\"><div class=\"list-icon-holder\" data-icon_type=\"icon\"><i class=\"icon-default-style fa fa-users\" data-color=\"extra-color-3\"><\/i><\/div><div class=\"content\"><h4>2011<\/h4>Lancement d\u2019un centre de distribution, Saint-Georges (Qu\u00e9bec)<\/div><\/div><div class=\"nectar-icon-list-item\"><div class=\"list-icon-holder\" data-icon_type=\"icon\"><i class=\"icon-default-style fa fa-handshake-o\" data-color=\"extra-color-3\"><\/i><\/div><div class=\"content\"><h4>2014<\/h4>Acquisition de \u00c9chantillons KD inc., Longueuil (Qu\u00e9bec)<\/div><\/div><div class=\"nectar-icon-list-item\"><div class=\"list-icon-holder\" data-icon_type=\"icon\"><i class=\"icon-default-style fa fa-globe\" data-color=\"extra-color-3\"><\/i><\/div><div class=\"content\"><h4>2016<\/h4>Tactic se joint au groupe SI, Saint-Georges (Qu\u00e9bec)<\/div><\/div><div class=\"nectar-icon-list-item\"><div class=\"list-icon-holder\" data-icon_type=\"icon\"><i class=\"icon-default-style fa fa-star\" data-color=\"extra-color-3\"><\/i><\/div><div class=\"content\"><h4>2021<\/h4>Tactic f\u00eate ses 25 ans<\/div><\/div><div class=\"nectar-icon-list-item\"><div class=\"list-icon-holder\" data-icon_type=\"icon\"><i class=\"icon-default-style fa fa-handshake-o\" data-color=\"extra-color-3\"><\/i><\/div><div class=\"content\"><h4>2024<\/h4>Acquisition d'un centre de distribution, Charlotte, Caroline du Nord<\/div><\/div><div class=\"nectar-icon-list-item\"><div class=\"list-icon-holder\" data-icon_type=\"icon\"><i class=\"icon-default-style fa fa-users\" data-color=\"extra-color-3\"><\/i><\/div><div class=\"content\"><h4>2024<\/h4>Lancement d'un 2e centre de production pour augmenter nos capacit\u00e9s, Saint-Georges (Qu\u00e9bec)<\/div><\/div><\/div><div class=\"divider-wrap\" data-alignment=\"default\"><div style=\"height: 25px;\" class=\"divider\"><\/div><\/div>\n\t\t\t<\/div> \n\t\t<\/div>\n\t<\/div> \n\n\t<div  class=\"vc_col-sm-2 vc_hidden-xs wpb_column column_container vc_column_container col no-extra-padding inherit_tablet inherit_phone\"  data-t-w-inherits=\"default\" data-bg-cover=\"\" data-padding-pos=\"all\" data-has-bg-color=\"false\" data-bg-color=\"\" data-bg-opacity=\"1\" data-hover-bg=\"\" data-hover-bg-opacity=\"1\" data-animation=\"\" data-delay=\"0\" >\n\t\t<div class=\"vc_column-inner\" ><div class=\"column-bg-overlay-wrap\" data-bg-animation=\"none\"><div class=\"column-bg-overlay\"><\/div><\/div>\n\t\t\t<div class=\"wpb_wrapper\">\n\t\t\t\t\n\t\t\t<\/div> \n\t\t<\/div>\n\t<\/div> \n<\/div><\/div>","protected":false},"excerpt":{"rendered":"Our History It is in 1996 that Tactic began its operations. The small firm that it was from its beginning fast set off the scale with the integration and the...","protected":false},"author":3,"featured_media":0,"parent":0,"menu_order":0,"comment_status":"closed","ping_status":"closed","template":"","meta":{"_coblocks_attr":"","_coblocks_dimensions":"","_coblocks_responsive_height":"","_coblocks_accordion_ie_support":"","footnotes":""},"class_list":["post-6104","page","type-page","status-publish"],"yoast_head":"<!-- This site is optimized with the Yoast SEO plugin v27.4 - https:\/\/yoast.com\/product\/yoast-seo-wordpress\/ -->\n<title>History - SI Tactic<\/title>\n<meta name=\"robots\" content=\"index, follow, max-snippet:-1, max-image-preview:large, max-video-preview:-1\" \/>\n<link rel=\"canonical\" href=\"https:\/\/samplingproduct.com\/fr\/history\/\" \/>\n<meta property=\"og:locale\" content=\"fr_CA\" \/>\n<meta property=\"og:type\" content=\"article\" \/>\n<meta property=\"og:title\" content=\"History - SI Tactic\" \/>\n<meta property=\"og:url\" content=\"https:\/\/samplingproduct.com\/fr\/history\/\" \/>\n<meta property=\"og:site_name\" content=\"SI Tactic\" \/>\n<meta property=\"article:publisher\" content=\"https:\/\/www.facebook.com\/SITactic\" \/>\n<meta property=\"article:modified_time\" content=\"2025-04-09T12:55:28+00:00\" \/>\n<meta name=\"twitter:card\" content=\"summary_large_image\" \/>\n<meta name=\"twitter:label1\" content=\"Estimation du temps de lecture\" \/>\n\t<meta name=\"twitter:data1\" content=\"6 minutes\" \/>\n<script type=\"application\/ld+json\" class=\"yoast-schema-graph\">{\"@context\":\"https:\\\/\\\/schema.org\",\"@graph\":[{\"@type\":\"WebPage\",\"@id\":\"https:\\\/\\\/samplingproduct.com\\\/en_ca\\\/history\\\/\",\"url\":\"https:\\\/\\\/samplingproduct.com\\\/en_ca\\\/history\\\/\",\"name\":\"History - SI Tactic\",\"isPartOf\":{\"@id\":\"https:\\\/\\\/samplingproduct.com\\\/en_ca\\\/#website\"},\"datePublished\":\"2020-11-02T21:47:59+00:00\",\"dateModified\":\"2025-04-09T12:55:28+00:00\",\"breadcrumb\":{\"@id\":\"https:\\\/\\\/samplingproduct.com\\\/en_ca\\\/history\\\/#breadcrumb\"},\"inLanguage\":\"fr-CA\",\"potentialAction\":[{\"@type\":\"ReadAction\",\"target\":[\"https:\\\/\\\/samplingproduct.com\\\/en_ca\\\/history\\\/\"]}]},{\"@type\":\"BreadcrumbList\",\"@id\":\"https:\\\/\\\/samplingproduct.com\\\/en_ca\\\/history\\\/#breadcrumb\",\"itemListElement\":[{\"@type\":\"ListItem\",\"position\":1,\"name\":\"Home\",\"item\":\"https:\\\/\\\/samplingproduct.com\\\/\"},{\"@type\":\"ListItem\",\"position\":2,\"name\":\"History\"}]},{\"@type\":\"WebSite\",\"@id\":\"https:\\\/\\\/samplingproduct.com\\\/en_ca\\\/#website\",\"url\":\"https:\\\/\\\/samplingproduct.com\\\/en_ca\\\/\",\"name\":\"SI Tactic\",\"description\":\"Vision. Innovation. Succ\u00e8s.\",\"publisher\":{\"@id\":\"https:\\\/\\\/samplingproduct.com\\\/en_ca\\\/#organization\"},\"potentialAction\":[{\"@type\":\"SearchAction\",\"target\":{\"@type\":\"EntryPoint\",\"urlTemplate\":\"https:\\\/\\\/samplingproduct.com\\\/en_ca\\\/?s={search_term_string}\"},\"query-input\":{\"@type\":\"PropertyValueSpecification\",\"valueRequired\":true,\"valueName\":\"search_term_string\"}}],\"inLanguage\":\"fr-CA\"},{\"@type\":\"Organization\",\"@id\":\"https:\\\/\\\/samplingproduct.com\\\/en_ca\\\/#organization\",\"name\":\"SI Tactic\",\"url\":\"https:\\\/\\\/samplingproduct.com\\\/en_ca\\\/\",\"logo\":{\"@type\":\"ImageObject\",\"inLanguage\":\"fr-CA\",\"@id\":\"https:\\\/\\\/samplingproduct.com\\\/en_ca\\\/#\\\/schema\\\/logo\\\/image\\\/\",\"url\":\"https:\\\/\\\/samplingproduct.com\\\/wp-content\\\/uploads\\\/2025\\\/07\\\/SI_tactic-logo_PMS_2020.png\",\"contentUrl\":\"https:\\\/\\\/samplingproduct.com\\\/wp-content\\\/uploads\\\/2025\\\/07\\\/SI_tactic-logo_PMS_2020.png\",\"width\":1294,\"height\":255,\"caption\":\"SI Tactic\"},\"image\":{\"@id\":\"https:\\\/\\\/samplingproduct.com\\\/en_ca\\\/#\\\/schema\\\/logo\\\/image\\\/\"},\"sameAs\":[\"https:\\\/\\\/www.facebook.com\\\/SITactic\"]}]}<\/script>\n<!-- \/ Yoast SEO plugin. -->","yoast_head_json":{"title":"History - SI Tactic","robots":{"index":"index","follow":"follow","max-snippet":"max-snippet:-1","max-image-preview":"max-image-preview:large","max-video-preview":"max-video-preview:-1"},"canonical":"https:\/\/samplingproduct.com\/fr\/history\/","og_locale":"fr_CA","og_type":"article","og_title":"History - SI Tactic","og_url":"https:\/\/samplingproduct.com\/fr\/history\/","og_site_name":"SI Tactic","article_publisher":"https:\/\/www.facebook.com\/SITactic","article_modified_time":"2025-04-09T12:55:28+00:00","twitter_card":"summary_large_image","twitter_misc":{"Estimation du temps de lecture":"6 minutes"},"schema":{"@context":"https:\/\/schema.org","@graph":[{"@type":"WebPage","@id":"https:\/\/samplingproduct.com\/en_ca\/history\/","url":"https:\/\/samplingproduct.com\/en_ca\/history\/","name":"History - SI Tactic","isPartOf":{"@id":"https:\/\/samplingproduct.com\/en_ca\/#website"},"datePublished":"2020-11-02T21:47:59+00:00","dateModified":"2025-04-09T12:55:28+00:00","breadcrumb":{"@id":"https:\/\/samplingproduct.com\/en_ca\/history\/#breadcrumb"},"inLanguage":"fr-CA","potentialAction":[{"@type":"ReadAction","target":["https:\/\/samplingproduct.com\/en_ca\/history\/"]}]},{"@type":"BreadcrumbList","@id":"https:\/\/samplingproduct.com\/en_ca\/history\/#breadcrumb","itemListElement":[{"@type":"ListItem","position":1,"name":"Home","item":"https:\/\/samplingproduct.com\/"},{"@type":"ListItem","position":2,"name":"History"}]},{"@type":"WebSite","@id":"https:\/\/samplingproduct.com\/en_ca\/#website","url":"https:\/\/samplingproduct.com\/en_ca\/","name":"SI Tactic","description":"Vision. Innovation. Succ\u00e8s.","publisher":{"@id":"https:\/\/samplingproduct.com\/en_ca\/#organization"},"potentialAction":[{"@type":"SearchAction","target":{"@type":"EntryPoint","urlTemplate":"https:\/\/samplingproduct.com\/en_ca\/?s={search_term_string}"},"query-input":{"@type":"PropertyValueSpecification","valueRequired":true,"valueName":"search_term_string"}}],"inLanguage":"fr-CA"},{"@type":"Organization","@id":"https:\/\/samplingproduct.com\/en_ca\/#organization","name":"SI Tactic","url":"https:\/\/samplingproduct.com\/en_ca\/","logo":{"@type":"ImageObject","inLanguage":"fr-CA","@id":"https:\/\/samplingproduct.com\/en_ca\/#\/schema\/logo\/image\/","url":"https:\/\/samplingproduct.com\/wp-content\/uploads\/2025\/07\/SI_tactic-logo_PMS_2020.png","contentUrl":"https:\/\/samplingproduct.com\/wp-content\/uploads\/2025\/07\/SI_tactic-logo_PMS_2020.png","width":1294,"height":255,"caption":"SI Tactic"},"image":{"@id":"https:\/\/samplingproduct.com\/en_ca\/#\/schema\/logo\/image\/"},"sameAs":["https:\/\/www.facebook.com\/SITactic"]}]}},"_links":{"self":[{"href":"https:\/\/samplingproduct.com\/fr\/wp-json\/wp\/v2\/pages\/6104","targetHints":{"allow":["GET"]}}],"collection":[{"href":"https:\/\/samplingproduct.com\/fr\/wp-json\/wp\/v2\/pages"}],"about":[{"href":"https:\/\/samplingproduct.com\/fr\/wp-json\/wp\/v2\/types\/page"}],"author":[{"embeddable":true,"href":"https:\/\/samplingproduct.com\/fr\/wp-json\/wp\/v2\/users\/3"}],"replies":[{"embeddable":true,"href":"https:\/\/samplingproduct.com\/fr\/wp-json\/wp\/v2\/comments?post=6104"}],"version-history":[{"count":65,"href":"https:\/\/samplingproduct.com\/fr\/wp-json\/wp\/v2\/pages\/6104\/revisions"}],"predecessor-version":[{"id":8475,"href":"https:\/\/samplingproduct.com\/fr\/wp-json\/wp\/v2\/pages\/6104\/revisions\/8475"}],"wp:attachment":[{"href":"https:\/\/samplingproduct.com\/fr\/wp-json\/wp\/v2\/media?parent=6104"}],"curies":[{"name":"wp","href":"https:\/\/api.w.org\/{rel}","templated":true}]}}